{"id":1080,"date":"2021-10-21T15:54:34","date_gmt":"2021-10-21T13:54:34","guid":{"rendered":"https:\/\/professional.tognana.com\/blog\/?page_id=1080"},"modified":"2021-10-21T15:54:37","modified_gmt":"2021-10-21T13:54:37","slug":"privacy-e-cookie-policy","status":"publish","type":"page","link":"https:\/\/professional.tognana.com\/it\/blog\/privacy-e-cookie-policy\/","title":{"rendered":"Privacy e cookie policy"},"content":{"rendered":"\n<p><strong>INFORMATIVA SUL TRATTAMENTO DEI DATI PERSONALI<\/strong><\/p>\n\n\n\n<p>Se Lei accede e consulta il nostro sito web, e se attiva servizi in esso proposti, alcuni dei dati a Lei riferibili sono oggetto di trattamento. Qui spieghiamo quali e perch\u00e9.<\/p>\n\n\n\n<p>Tognana Porcellane S.p.A., con sede a Casier (TV), via Capitello n. 22, tel. 0422 6721, fax. 0422 670144, e-mail <a href=\"mailto:info@tognanaporcellane.it\">info@tognanaporcellane.it<\/a>, \u00e8 il titolare del trattamento dei dati personali degli utenti di questo sito (di seguito \u201cTitolare\u201d e \u201cSito\u201d) e in quanto tale informa sulle finalit\u00e0 e modalit\u00e0 di trattamento dei dati personali appresi durante la navigazione.<\/p>\n\n\n\n<p>NB &#8211; Questa informativa viene data nel rispetto della disciplina europea e italiana in materia di protezione dei dati personali e si riferisce unicamente al Sito.<\/p>\n\n\n\n<p>Il Titolare ha nominato un responsabile della protezione dei dati (RPD o DPO), contattabile scrivendo al seguente recapito: <a href=\"mailto:dpo@tognanaporcellane.it\">dpo@tognanaporcellane.it<\/a><\/p>\n\n\n\n<p><strong><u>CATEGORIE DI DATI TRATTATI<\/u><\/strong><\/p>\n\n\n\n<p><strong>Dati di navigazione<\/strong><\/p>\n\n\n\n<p>Le applicazioni informatiche e le procedure software preposte al funzionamento del Sito acquisiscono, nel corso del loro normale esercizio, alcuni dati personali la cui trasmissione \u00e8 implicita nell&#8217;uso dei protocolli di comunicazione di Internet. Si tratta di informazioni che non sono raccolte per essere associate a interessati identificati, ma che per loro stessa natura potrebbero permettere di identificare gli utenti, attraverso elaborazioni ed associazioni con dati detenuti da terzi. In questa categoria di dati rientrano, ad esempio: gli indirizzi IP o i nomi a dominio dei computer, tablet e altri strumenti utilizzati per connettersi al sito; gli indirizzi in notazione URI (Uniform Resource Identifier) delle risorse richieste; l&#8217;orario della richiesta, il metodo utilizzato nel sottoporre la richiesta al server, la dimensione del file ottenuto in risposta, il codice numerico indicante lo stato della risposta data dal server (buon fine, errore, ecc.) ed altri parametri relativi al sistema operativo e all&#8217;ambiente informatico dell&#8217;utente. Questi dati vengono utilizzati al solo fine di ricavare informazioni statistiche anonime sull&#8217;uso del sito e per controllarne il corretto funzionamento e vengono cancellati immediatamente dopo l&#8217;elaborazione.<\/p>\n\n\n\n<p><strong>Dati forniti volontariamente dall\u2019Utente<\/strong><\/p>\n\n\n\n<p>L&#8217;invio di posta elettronica agli indirizzi indicati nel Sito \u2013 azione facoltativa, esplicita e volontaria &#8211; comporta l\u2019acquisizione dell\u2019indirizzo e-mail, dato necessario per rispondere alle richieste, nonch\u00e9 degli ulteriori dati personali eventualmente comunicati. Nel Sito sono presenti form di compilazione, corredati da specifiche informative sul trattamento dei dati personali svolto e, laddove necessario, da richieste di consenso: invitiamo a prenderne visione prima di procedere nell\u2019utilizzo di ciascuno dei form.<\/p>\n\n\n\n<p><strong>Cookies<\/strong><\/p>\n\n\n\n<p>Cosa sono i cookie.<\/p>\n\n\n\n<p>Un cookie \u00e8 un file di piccole dimensioni che viene inviato al browser in uso e salvato sul tuo dispositivo quando visiti un sito internet come <a href=\"https:\/\/professional.tognana.com\/blog\/\">https:\/\/professional.tognana.com\/blog\/<\/a> <a href=\"https:\/\/shop.tognana.com\/\"><\/a>i cookie permettono un funzionamento efficiente del Sito e ne migliorano le prestazioni, forniscono informazioni al proprietario del Sito per fini statistici o pubblicitari, principalmente per personalizzare la tua esperienza di navigazione ricordando le tue preferenze.<\/p>\n\n\n\n<p>Il Sito utilizza diverse tipologie di cookie di prima parte (predisposti e gestiti da Tognana Porcellane S.p.A.) e di terze parti (predisposti e gestiti da soggetti terzi in base alle proprie privacy policy e non sotto il controllo di Tognana Porcellane S.p.A): di seguito una tabella esplicativa.<\/p>\n\n\n\n<figure class=\"wp-block-table\"><table><tbody><tr><td>TIPOLOGIA DI COOKIE<\/td><td>FUNZIONE<\/td><\/tr><tr><td>cookie tecnici (di sessione o navigazione)<\/td><td>Garantiscono la normale navigazione e fruizione del sito web e sono quindi finalizzati a rendere funzionale ed ottimizzare la stessa navigazione all\u2019interno del sito.<\/td><\/tr><tr><td>cookie per marketing e profilazione di prima e terze parti<\/td><td>Questi cookie sono volti a creare profili relativi all&#8217;utente al fine di inviare messaggi commerciali che incontrano le preferenze manifestate durante la visita o per migliorare la tua esperienza di navigazione: mentre navighi il Sito questi cookie sono utili per mostrarti prodotti di tuo interesse o simili a quelli che hai visualizzato. Sono cookie di terza parte quelli inviati da societ\u00e0 terze di nostra fiducia. Questi cookie permettono di offrirti la nostra proposta commerciale su altri siti web affiliati. Sui cookie di terza parte non abbiamo il controllo delle informazioni fornite dal cookie e non abbiamo accesso a tali dati. Queste informazioni sono controllate totalmente dalle societ\u00e0 terze secondo quanto descritto nelle rispettive policy. Per l\u2019utilizzo di questi cookie \u00e8 necessario il tuo consenso.<\/td><\/tr><tr><td>cookie di Social Network<\/td><td>Questi cookie sono necessari per permettere al tuo account social di interagire con il Sito. Servono ad esempio per farti esprimere il tuo apprezzamento e per condividerlo con i tuoi amici social. I cookie di social network non sono necessari alla navigazione. Per ulteriori informazioni sulle politiche di utilizzo dei cookie da parte dei Social Network, \u00e8 possibile consultare le rispettive privacy e cookie policy: <em>Facebook<\/em>: http:\/\/www.facebook.com\/about\/privacy\/ <em>Twitter<\/em>: http:\/\/twitter.com\/privacy <em>Instagram<\/em>: https:\/\/instagram.com\/legal\/cookies\/<\/td><\/tr><\/tbody><\/table><\/figure>\n\n\n\n<p>Abilitazione e disabilitazione dei cookie dal Browser.<\/p>\n\n\n\n<p>La maggior parte dei browser \u00e8 configurata per accettare, controllare o eventualmente disabilitare i cookie attraverso le impostazioni. Ti ricordiamo tuttavia che disabilitare i cookie di navigazione o quelli funzionali pu\u00f2 causare un insoddisfacente funzionamento del sito e\/o limitare il servizio che offriamo.<\/p>\n\n\n\n<p>Qui sotto il percorso da seguire per gestire i cookie dai seguenti browser:<\/p>\n\n\n\n<p>Internet Explorer: <a href=\"http:\/\/windows.microsoft.com\/it-it\/windows7\/block-enable-or-allow-cookies\">http:\/\/windows.microsoft.com\/it-it\/windows7\/block-enable-or-allow-cookies<\/a><\/p>\n\n\n\n<p>Safari: <a href=\"http:\/\/support.apple.com\/kb\/PH19255\">http:\/\/support.apple.com\/kb\/PH19255<\/a><\/p>\n\n\n\n<p>Chrome: <a href=\"https:\/\/support.google.com\/chrome\/answer\/95647?hl=it-IT&amp;hlrm=fr&amp;hlrm=en\">https:\/\/support.google.com\/chrome\/answer\/95647?hl=it-IT&amp;hlrm=fr&amp;hlrm=en<\/a><\/p>\n\n\n\n<p>Microsoft Edge: <a href=\"https:\/\/support.microsoft.com\/it-it\/help\/4468242\/microsoft-edge-browsing-data-and-privacy-microsoft-privacy\">https:\/\/support.microsoft.com\/it-it\/help\/4468242\/microsoft-edge-browsing-data-and-privacy-microsoft-privacy<\/a><\/p>\n\n\n\n<p>Firefox: <a href=\"https:\/\/support.mozilla.org\/it\/kb\/Gestione%20dei%20cookie\">https:\/\/support.mozilla.org\/it\/kb\/Gestione%20dei%20cookie<\/a><\/p>\n\n\n\n<p><strong><u>FINALIT\u00c0 E BASE GIURIDICA DEL TRATTAMENTO, NATURA DEL CONFERIMENTO DEI DATI E CONSEGUENZE IN CASO DI RIFIUTO<\/u><\/strong><\/p>\n\n\n\n<p>La raccolta e la gestione dei cookies \u00e8 necessaria, come sopra indicato. Il Titolare tratta i Suoi dati per agevolare la navigazione e per fornire risposte o i servizi eventualmente richiesti. Nel caso di form di compilazione o di servizi a richiesta, l\u2019Utente \u00e8 libero di fornire i propri dati personali per le finalit\u00e0 riportate nelle specifiche informative, ma il loro mancato conferimento pu\u00f2 comportare l&#8217;impossibilit\u00e0 di ottenere il servizio richiesto. La conservazione dei dati di contatto e dei contenuti scambiati risponde al legittimo interesse del Titolare di assicurare la disponibilit\u00e0 delle informazioni sui servizi erogati e sullo scambio di dati tra Utente e Titolare, in relazione ai diritti esercitabili in base alle leggi vigenti.<\/p>\n\n\n\n<p>Non vi sar\u00e0 utilizzo dei dati personali per finalit\u00e0 ulteriori, ad esempio per comunicazioni commerciali o di marketing, se non in base alle prescrizioni vigenti o sulla base di un esplicito consenso dell\u2019Interessato.<\/p>\n\n\n\n<p><strong><u>PERIODO DI CONSERVAZIONE DEI DATI<\/u><\/strong><\/p>\n\n\n\n<p>Il Titolare tratter\u00e0 i dati personali raccolti attraverso l\u2019utilizzo del Sito per il tempo strettamente necessario a conseguire gli scopi per cui sono stati raccolti. Le informative predisposte per particolari servizi eventualmente riportano alcune specificazioni. \u00c8 prevista una conservazione ulteriore, in ragione della necessit\u00e0 od opportunit\u00e0 di registrare le attivit\u00e0 svolte, come detto sopra, e quindi in correlazione ai termini prescrizionali dei diritti oppure eventualmente ai termini di legge per la conservazione documentale rilevante.<\/p>\n\n\n\n<p><strong><u>AMBITO DI COMUNICAZIONE DEI DATI E CATEGORIE DI DESTINATARI<\/u><\/strong><\/p>\n\n\n\n<p>Il Titolare non diffonder\u00e0 i dati, ma essi sono messi a disposizione di figure interne autorizzate al trattamento in ragione delle rispettive mansioni e delle attivit\u00e0 da svolgere nei confronti dell\u2019Interessato; i dati o alcuni di essi potranno essere comunicati a soggetti esterni nel caso le suddette attivit\u00e0 lo richiedessero: tali destinatari, ove dovessero trattare dati per conto del Titolare, saranno designati come responsabili del trattamento con apposito contratto od altro atto giuridico.<\/p>\n\n\n\n<p>Per maggiori dettagli, si rimanda alle informative predisposte per particolari servizi.<\/p>\n\n\n\n<p><strong><u>TRASFERIMENTO DATI VERSO UN PAESE TERZO E\/O UN\u2019ORGANIZZAZIONE INTERNAZIONALE<\/u><\/strong><\/p>\n\n\n\n<p>I Suoi dati personali non saranno oggetto di trasferimento presso Paesi Terzi (fuori dall\u2019Unione europea).<\/p>\n\n\n\n<p><strong><u>DIRITTI DEGLI INTERESSATI<\/u><\/strong><\/p>\n\n\n\n<p>\u00c8 Suo diritto chiedere al Titolare di accedere ai Suoi dati personali, di rettificarli se inesatti, di cancellarli o limitarne il trattamento se ne ricorrono i presupposti, di opporsi al loro trattamento per legittimi interessi perseguiti dal Titolare, nonch\u00e9 di ottenere la portabilit\u00e0 dei dati personalmente forniti solo se oggetto di un trattamento automatizzato basato sul consenso o sul contratto. Ha altres\u00ec il diritto di revocare il consenso prestato per le finalit\u00e0 di trattamento che lo richiedono, ferma restando la liceit\u00e0 del trattamento effettuato sino al momento della revoca.<\/p>\n\n\n\n<p>Per esercitare i Suoi diritti, si rivolga al seguente recapito: <a href=\"mailto:privacy@tognanaporcellane.it\">privacy@tognanaporcellane.it<\/a>. L\u2019Interessato ha inoltre il diritto di proporre reclamo all\u2019autorit\u00e0 di controllo competente in materia, rappresentata in Italia dal Garante per la protezione dei dati personali (<a href=\"http:\/\/www.garanteprivacy.it\/\">www.garanteprivacy.it<\/a>).<\/p>\n\n\n\n<p>Ultimo aggiornamento del documento: settembre 2021.<\/p>\n\n\n\n<p>La presente informativa potrebbe subire modifiche: consigliamo quindi di controllare la data dell\u2019ultima revisione. Qualunque cambiamento avr\u00e0 effetto dalla data di pubblicazione sul Sito.<\/p>\n","protected":false},"excerpt":{"rendered":"<p>INFORMATIVA SUL TRATTAMENTO DEI DATI PERSONALI Se Lei accede e consulta il nostro sito web, e se attiva servizi in esso proposti, alcuni dei dati a Lei riferibili sono oggetto di trattamento. Qui spieghiamo quali e perch\u00e9. Tognana Porcellane S.p.A., con sede a Casier (TV), via Capitello n. 22, tel. 0422 6721, fax. 0422 670144, &hellip; <a href=\"https:\/\/professional.tognana.com\/it\/blog\/privacy-e-cookie-policy\/\" class=\"more-link\">Continue reading <span class=\"screen-reader-text\">Privacy e cookie policy<\/span><\/a><\/p>\n","protected":false},"author":1,"featured_media":0,"parent":0,"menu_order":0,"comment_status":"closed","ping_status":"closed","template":"","meta":[],"acf":[],"yoast_head":"<!-- This site is optimized with the Yoast SEO plugin v19.3 - https:\/\/yoast.com\/wordpress\/plugins\/seo\/ -->\n<title>Privacy e cookie policy | Professional Blog - Tognana<\/title>\n<meta name=\"robots\" content=\"index, follow, max-snippet:-1, max-image-preview:large, max-video-preview:-1\" \/>\n<link rel=\"canonical\" href=\"https:\/\/professional.tognana.com\/it\/blog\/privacy-e-cookie-policy\/\" \/>\n<meta property=\"og:locale\" content=\"it_IT\" \/>\n<meta property=\"og:type\" content=\"article\" \/>\n<meta property=\"og:title\" content=\"Privacy e cookie policy | Professional Blog - Tognana\" \/>\n<meta property=\"og:description\" content=\"INFORMATIVA SUL TRATTAMENTO DEI DATI PERSONALI Se Lei accede e consulta il nostro sito web, e se attiva servizi in esso proposti, alcuni dei dati a Lei riferibili sono oggetto di trattamento. Qui spieghiamo quali e perch\u00e9. Tognana Porcellane S.p.A., con sede a Casier (TV), via Capitello n. 22, tel. 0422 6721, fax. 0422 670144, &hellip; Continue reading Privacy e cookie policy\" \/>\n<meta property=\"og:url\" content=\"https:\/\/professional.tognana.com\/it\/blog\/privacy-e-cookie-policy\/\" \/>\n<meta property=\"og:site_name\" content=\"Professional Blog - Tognana\" \/>\n<meta property=\"article:publisher\" content=\"https:\/\/www.facebook.com\/tognanaprofessional\" \/>\n<meta property=\"article:modified_time\" content=\"2021-10-21T13:54:37+00:00\" \/>\n<meta name=\"twitter:card\" content=\"summary_large_image\" \/>\n<meta name=\"twitter:label1\" content=\"Tempo di lettura stimato\" \/>\n\t<meta name=\"twitter:data1\" content=\"6 minuti\" \/>\n<script type=\"application\/ld+json\" class=\"yoast-schema-graph\">{\"@context\":\"https:\/\/schema.org\",\"@graph\":[{\"@type\":\"Organization\",\"@id\":\"https:\/\/professional.tognana.com\/it\/blog\/#organization\",\"name\":\"Tognana Porcellane SpA\",\"url\":\"https:\/\/professional.tognana.com\/it\/blog\/\",\"sameAs\":[\"https:\/\/www.instagram.com\/tognana_professional\/\",\"https:\/\/www.facebook.com\/tognanaprofessional\"],\"logo\":{\"@type\":\"ImageObject\",\"inLanguage\":\"it-IT\",\"@id\":\"https:\/\/professional.tognana.com\/it\/blog\/#\/schema\/logo\/image\/\",\"url\":\"https:\/\/i1.wp.com\/professionalblog.tognana.com\/wp-content\/uploads\/2021\/05\/tognana-professional-logo.jpg?fit=254%2C59&ssl=1\",\"contentUrl\":\"https:\/\/i1.wp.com\/professionalblog.tognana.com\/wp-content\/uploads\/2021\/05\/tognana-professional-logo.jpg?fit=254%2C59&ssl=1\",\"width\":254,\"height\":59,\"caption\":\"Tognana Porcellane SpA\"},\"image\":{\"@id\":\"https:\/\/professional.tognana.com\/it\/blog\/#\/schema\/logo\/image\/\"}},{\"@type\":\"WebSite\",\"@id\":\"https:\/\/professional.tognana.com\/it\/blog\/#website\",\"url\":\"https:\/\/professional.tognana.com\/it\/blog\/\",\"name\":\"Professional Blog - Tognana\",\"description\":\"News sul mondo Ho.Re.Ca.\",\"publisher\":{\"@id\":\"https:\/\/professional.tognana.com\/it\/blog\/#organization\"},\"potentialAction\":[{\"@type\":\"SearchAction\",\"target\":{\"@type\":\"EntryPoint\",\"urlTemplate\":\"https:\/\/professional.tognana.com\/it\/blog\/?s={search_term_string}\"},\"query-input\":\"required name=search_term_string\"}],\"inLanguage\":\"it-IT\"},{\"@type\":\"WebPage\",\"@id\":\"https:\/\/professional.tognana.com\/it\/blog\/privacy-e-cookie-policy\/\",\"url\":\"https:\/\/professional.tognana.com\/it\/blog\/privacy-e-cookie-policy\/\",\"name\":\"Privacy e cookie policy | Professional Blog - Tognana\",\"isPartOf\":{\"@id\":\"https:\/\/professional.tognana.com\/it\/blog\/#website\"},\"datePublished\":\"2021-10-21T13:54:34+00:00\",\"dateModified\":\"2021-10-21T13:54:37+00:00\",\"breadcrumb\":{\"@id\":\"https:\/\/professional.tognana.com\/it\/blog\/privacy-e-cookie-policy\/#breadcrumb\"},\"inLanguage\":\"it-IT\",\"potentialAction\":[{\"@type\":\"ReadAction\",\"target\":[\"https:\/\/professional.tognana.com\/it\/blog\/privacy-e-cookie-policy\/\"]}]},{\"@type\":\"BreadcrumbList\",\"@id\":\"https:\/\/professional.tognana.com\/it\/blog\/privacy-e-cookie-policy\/#breadcrumb\",\"itemListElement\":[{\"@type\":\"ListItem\",\"position\":1,\"name\":\"Home\",\"item\":\"https:\/\/professional.tognana.com\/it\/blog\/\"},{\"@type\":\"ListItem\",\"position\":2,\"name\":\"Privacy e cookie policy\"}]}]}<\/script>\n<!-- \/ Yoast SEO plugin. -->","yoast_head_json":{"title":"Privacy e cookie policy | Professional Blog - Tognana","robots":{"index":"index","follow":"follow","max-snippet":"max-snippet:-1","max-image-preview":"max-image-preview:large","max-video-preview":"max-video-preview:-1"},"canonical":"https:\/\/professional.tognana.com\/it\/blog\/privacy-e-cookie-policy\/","og_locale":"it_IT","og_type":"article","og_title":"Privacy e cookie policy | Professional Blog - Tognana","og_description":"INFORMATIVA SUL TRATTAMENTO DEI DATI PERSONALI Se Lei accede e consulta il nostro sito web, e se attiva servizi in esso proposti, alcuni dei dati a Lei riferibili sono oggetto di trattamento. Qui spieghiamo quali e perch\u00e9. Tognana Porcellane S.p.A., con sede a Casier (TV), via Capitello n. 22, tel. 0422 6721, fax. 0422 670144, &hellip; Continue reading Privacy e cookie policy","og_url":"https:\/\/professional.tognana.com\/it\/blog\/privacy-e-cookie-policy\/","og_site_name":"Professional Blog - Tognana","article_publisher":"https:\/\/www.facebook.com\/tognanaprofessional","article_modified_time":"2021-10-21T13:54:37+00:00","twitter_card":"summary_large_image","twitter_misc":{"Tempo di lettura stimato":"6 minuti"},"schema":{"@context":"https:\/\/schema.org","@graph":[{"@type":"Organization","@id":"https:\/\/professional.tognana.com\/it\/blog\/#organization","name":"Tognana Porcellane SpA","url":"https:\/\/professional.tognana.com\/it\/blog\/","sameAs":["https:\/\/www.instagram.com\/tognana_professional\/","https:\/\/www.facebook.com\/tognanaprofessional"],"logo":{"@type":"ImageObject","inLanguage":"it-IT","@id":"https:\/\/professional.tognana.com\/it\/blog\/#\/schema\/logo\/image\/","url":"https:\/\/i1.wp.com\/professionalblog.tognana.com\/wp-content\/uploads\/2021\/05\/tognana-professional-logo.jpg?fit=254%2C59&ssl=1","contentUrl":"https:\/\/i1.wp.com\/professionalblog.tognana.com\/wp-content\/uploads\/2021\/05\/tognana-professional-logo.jpg?fit=254%2C59&ssl=1","width":254,"height":59,"caption":"Tognana Porcellane SpA"},"image":{"@id":"https:\/\/professional.tognana.com\/it\/blog\/#\/schema\/logo\/image\/"}},{"@type":"WebSite","@id":"https:\/\/professional.tognana.com\/it\/blog\/#website","url":"https:\/\/professional.tognana.com\/it\/blog\/","name":"Professional Blog - Tognana","description":"News sul mondo Ho.Re.Ca.","publisher":{"@id":"https:\/\/professional.tognana.com\/it\/blog\/#organization"},"potentialAction":[{"@type":"SearchAction","target":{"@type":"EntryPoint","urlTemplate":"https:\/\/professional.tognana.com\/it\/blog\/?s={search_term_string}"},"query-input":"required name=search_term_string"}],"inLanguage":"it-IT"},{"@type":"WebPage","@id":"https:\/\/professional.tognana.com\/it\/blog\/privacy-e-cookie-policy\/","url":"https:\/\/professional.tognana.com\/it\/blog\/privacy-e-cookie-policy\/","name":"Privacy e cookie policy | Professional Blog - Tognana","isPartOf":{"@id":"https:\/\/professional.tognana.com\/it\/blog\/#website"},"datePublished":"2021-10-21T13:54:34+00:00","dateModified":"2021-10-21T13:54:37+00:00","breadcrumb":{"@id":"https:\/\/professional.tognana.com\/it\/blog\/privacy-e-cookie-policy\/#breadcrumb"},"inLanguage":"it-IT","potentialAction":[{"@type":"ReadAction","target":["https:\/\/professional.tognana.com\/it\/blog\/privacy-e-cookie-policy\/"]}]},{"@type":"BreadcrumbList","@id":"https:\/\/professional.tognana.com\/it\/blog\/privacy-e-cookie-policy\/#breadcrumb","itemListElement":[{"@type":"ListItem","position":1,"name":"Home","item":"https:\/\/professional.tognana.com\/it\/blog\/"},{"@type":"ListItem","position":2,"name":"Privacy e cookie policy"}]}]}},"_links":{"self":[{"href":"https:\/\/professional.tognana.com\/it\/blog\/wp-json\/wp\/v2\/pages\/1080"}],"collection":[{"href":"https:\/\/professional.tognana.com\/it\/blog\/wp-json\/wp\/v2\/pages"}],"about":[{"href":"https:\/\/professional.tognana.com\/it\/blog\/wp-json\/wp\/v2\/types\/page"}],"author":[{"embeddable":true,"href":"https:\/\/professional.tognana.com\/it\/blog\/wp-json\/wp\/v2\/users\/1"}],"replies":[{"embeddable":true,"href":"https:\/\/professional.tognana.com\/it\/blog\/wp-json\/wp\/v2\/comments?post=1080"}],"version-history":[{"count":2,"href":"https:\/\/professional.tognana.com\/it\/blog\/wp-json\/wp\/v2\/pages\/1080\/revisions"}],"predecessor-version":[{"id":1082,"href":"https:\/\/professional.tognana.com\/it\/blog\/wp-json\/wp\/v2\/pages\/1080\/revisions\/1082"}],"wp:attachment":[{"href":"https:\/\/professional.tognana.com\/it\/blog\/wp-json\/wp\/v2\/media?parent=1080"}],"curies":[{"name":"wp","href":"https:\/\/api.w.org\/{rel}","templated":true}]}}